{"id":2783,"date":"2025-10-22T16:22:47","date_gmt":"2025-10-22T14:22:47","guid":{"rendered":"https:\/\/frp-europe.com\/?page_id=2783"},"modified":"2025-12-03T16:59:43","modified_gmt":"2025-12-03T15:59:43","slug":"over-ons","status":"publish","type":"page","link":"https:\/\/frp-europe.com\/fr\/over-ons\/","title":{"rendered":"\u00c0 propos de nous"},"content":{"rendered":"<div data-elementor-type=\"wp-page\" data-elementor-id=\"2783\" class=\"elementor elementor-2783\" data-elementor-post-type=\"page\">\n\t\t\t\t<div class=\"elementor-element elementor-element-aa2d1fb e-flex e-con-boxed e-con e-parent\" data-id=\"aa2d1fb\" data-element_type=\"container\" data-e-type=\"container\" data-settings=\"{&quot;background_background&quot;:&quot;classic&quot;}\">\n\t\t\t\t\t<div class=\"e-con-inner\">\n\t\t\t\t<div class=\"elementor-element elementor-element-265ec50 animated-fast elementor-invisible elementor-widget elementor-widget-heading\" data-id=\"265ec50\" data-element_type=\"widget\" data-e-type=\"widget\" data-settings=\"{&quot;_animation&quot;:&quot;slideInLeft&quot;}\" data-widget_type=\"heading.default\">\n\t\t\t\t\t<h2 class=\"elementor-heading-title elementor-size-default\">\u00c0 propos de nous<\/h2>\t\t\t\t<\/div>\n\t\t\t\t\t<\/div>\n\t\t\t\t<\/div>\n\t\t<div class=\"elementor-element elementor-element-b0bf269 e-flex e-con-boxed e-con e-parent\" data-id=\"b0bf269\" data-element_type=\"container\" data-e-type=\"container\" data-settings=\"{&quot;background_background&quot;:&quot;classic&quot;}\">\n\t\t\t\t\t<div class=\"e-con-inner\">\n\t\t<div class=\"elementor-element elementor-element-a5311c2 e-con-full e-flex e-con e-child\" data-id=\"a5311c2\" data-element_type=\"container\" data-e-type=\"container\" data-settings=\"{&quot;background_background&quot;:&quot;classic&quot;}\">\n\t\t\t\t<div class=\"elementor-element elementor-element-3935e0b elementor-widget elementor-widget-heading\" data-id=\"3935e0b\" data-element_type=\"widget\" data-e-type=\"widget\" data-widget_type=\"heading.default\">\n\t\t\t\t\t<h2 class=\"elementor-heading-title elementor-size-default\">Bienvenue chez FRP<\/h2>\t\t\t\t<\/div>\n\t\t\t\t<div class=\"elementor-element elementor-element-c16363d elementor-widget elementor-widget-text-editor\" data-id=\"c16363d\" data-element_type=\"widget\" data-e-type=\"widget\" data-widget_type=\"text-editor.default\">\n\t\t\t\t\t\t\t\t\t<p>Flat Roof Products (FRP) a \u00e9t\u00e9 fond\u00e9e avec une premi\u00e8re succursale \u00e0 Audenarde en 2020. Rapidement, nous nous sommes d\u00e9velopp\u00e9s et avons ouvert notre deuxi\u00e8me succursale \u00e0 Tessenderlo en 2023. Nous sommes une entreprise \u00e0 croissance rapide qui s'engage toujours \u00e0 r\u00e9pondre aux besoins de nos clients professionnels.<\/p><p>FRP est n\u00e9 de la combinaison de 30 ans d'exp\u00e9rience dans le domaine de l'EPDM et d'une bonne dose de passion pour le m\u00e9tier. En tant que distributeur en forte croissance en Europe pour l'EPDM, l'EPDM Fleeceback, les raccords et les accessoires, nous offrons une solution totale pour toutes les toitures plates et l\u00e9g\u00e8rement inclin\u00e9es. Les couvreurs professionnels peuvent s'adresser \u00e0 nous pour des membranes et des accessoires de haute qualit\u00e9.<\/p><p>Gr\u00e2ce \u00e0 plusieurs succursales, nous pouvons livrer rapidement partout. Nous savons \u00e0 quel point il est important de disposer rapidement du mat\u00e9riel ad\u00e9quat et sommes donc toujours l\u00e0 pour vous.<\/p><p>Au sein de la FRP Academy, nous proposons diff\u00e9rentes formations. Et ce, tant \u00e0 Audenarde qu'\u00e0 Tessenderlo. Ces cours sont donn\u00e9s par des professionnels qui ont des ann\u00e9es d'exp\u00e9rience sur le toit, ce qui vous permet d'apprendre les meilleures astuces et techniques.<\/p><p>Votre partenaire pour l'EPDM !<\/p>\t\t\t\t\t\t\t\t<\/div>\n\t\t<div class=\"elementor-element elementor-element-b450072 e-con-full e-flex e-con e-child\" data-id=\"b450072\" data-element_type=\"container\" data-e-type=\"container\">\n\t\t<div class=\"elementor-element elementor-element-e49e798 e-con-full e-flex e-con e-child\" data-id=\"e49e798\" data-element_type=\"container\" data-e-type=\"container\">\n\t\t\t\t<div class=\"elementor-element elementor-element-ca00495 elementor-widget elementor-widget-image\" data-id=\"ca00495\" data-element_type=\"widget\" data-e-type=\"widget\" data-widget_type=\"image.default\">\n\t\t\t\t\t\t\t\t\t\t\t\t\t\t\t<img fetchpriority=\"high\" decoding=\"async\" width=\"600\" height=\"800\" src=\"https:\/\/frp-europe.com\/wp-content\/uploads\/2024\/07\/OverOnsKraan.jpg\" class=\"attachment-large size-large wp-image-981\" alt=\"\" srcset=\"https:\/\/frp-europe.com\/wp-content\/uploads\/2024\/07\/OverOnsKraan.jpg 600w, https:\/\/frp-europe.com\/wp-content\/uploads\/2024\/07\/OverOnsKraan-225x300.jpg 225w\" sizes=\"(max-width: 600px) 100vw, 600px\" \/>\t\t\t\t\t\t\t\t\t\t\t\t\t\t\t<\/div>\n\t\t\t\t<\/div>\n\t\t<div class=\"elementor-element elementor-element-1410861 e-con-full e-flex e-con e-child\" data-id=\"1410861\" data-element_type=\"container\" data-e-type=\"container\">\n\t\t\t\t<div class=\"elementor-element elementor-element-36af0db elementor-widget elementor-widget-heading\" data-id=\"36af0db\" data-element_type=\"widget\" data-e-type=\"widget\" data-widget_type=\"heading.default\">\n\t\t\t\t\t<h2 class=\"elementor-heading-title elementor-size-default\">Pourquoi choisir FRP ?<\/h2>\t\t\t\t<\/div>\n\t\t<div class=\"elementor-element elementor-element-9cc239a e-con-full e-flex e-con e-child\" data-id=\"9cc239a\" data-element_type=\"container\" data-e-type=\"container\">\n\t\t<div class=\"elementor-element elementor-element-1d6203b e-con-full e-flex e-con e-child\" data-id=\"1d6203b\" data-element_type=\"container\" data-e-type=\"container\">\n\t\t\t\t<div class=\"elementor-element elementor-element-28f4fc8 elementor-widget elementor-widget-image\" data-id=\"28f4fc8\" data-element_type=\"widget\" data-e-type=\"widget\" data-widget_type=\"image.default\">\n\t\t\t\t\t\t\t\t\t\t\t\t\t\t\t<img decoding=\"async\" width=\"1\" height=\"1\" src=\"https:\/\/frp-europe.com\/wp-content\/uploads\/2024\/07\/SnelleService-red.svg\" class=\"attachment-large size-large wp-image-995\" alt=\"\" \/>\t\t\t\t\t\t\t\t\t\t\t\t\t\t\t<\/div>\n\t\t\t\t<\/div>\n\t\t<div class=\"elementor-element elementor-element-48139cc e-con-full e-flex e-con e-child\" data-id=\"48139cc\" data-element_type=\"container\" data-e-type=\"container\">\n\t\t\t\t<div class=\"elementor-element elementor-element-de2b173 elementor-widget elementor-widget-text-editor\" data-id=\"de2b173\" data-element_type=\"widget\" data-e-type=\"widget\" data-widget_type=\"text-editor.default\">\n\t\t\t\t\t\t\t\t\t<p><strong>Service rapide<\/strong><br \/>Le temps est pr\u00e9cieux ! C'est pourquoi nous nous effor\u00e7ons de vous servir rapidement et efficacement. Notre personnel est toujours pr\u00eat \u00e0 r\u00e9pondre \u00e0 vos questions et \u00e0 vous aider.<\/p>\t\t\t\t\t\t\t\t<\/div>\n\t\t\t\t<\/div>\n\t\t\t\t<\/div>\n\t\t<div class=\"elementor-element elementor-element-21424c4 e-con-full e-flex e-con e-child\" data-id=\"21424c4\" data-element_type=\"container\" data-e-type=\"container\">\n\t\t<div class=\"elementor-element elementor-element-1e34537 e-con-full e-flex e-con e-child\" data-id=\"1e34537\" data-element_type=\"container\" data-e-type=\"container\">\n\t\t\t\t<div class=\"elementor-element elementor-element-e49f69b elementor-widget elementor-widget-image\" data-id=\"e49f69b\" data-element_type=\"widget\" data-e-type=\"widget\" data-widget_type=\"image.default\">\n\t\t\t\t\t\t\t\t\t\t\t\t\t\t\t<img decoding=\"async\" width=\"1\" height=\"1\" src=\"https:\/\/frp-europe.com\/wp-content\/uploads\/2024\/07\/LeveringOpDak-red.svg\" class=\"attachment-large size-large wp-image-994\" alt=\"\" \/>\t\t\t\t\t\t\t\t\t\t\t\t\t\t\t<\/div>\n\t\t\t\t<\/div>\n\t\t<div class=\"elementor-element elementor-element-4689a37 e-con-full e-flex e-con e-child\" data-id=\"4689a37\" data-element_type=\"container\" data-e-type=\"container\">\n\t\t\t\t<div class=\"elementor-element elementor-element-20d6970 elementor-widget elementor-widget-text-editor\" data-id=\"20d6970\" data-element_type=\"widget\" data-e-type=\"widget\" data-widget_type=\"text-editor.default\">\n\t\t\t\t\t\t\t\t\t<p><strong>Livraison sur le toit<\/strong><br \/>Gr\u00e2ce \u00e0 nos camions grues, nous pouvons effectuer des livraisons sur le toit jusqu'\u00e0 \u00b120m de hauteur. Cela vous permet d'\u00e9conomiser du temps et des efforts et de vous concentrer sur ce qui compte vraiment : faire votre travail. Notre \u00e9quipe logistique veille avec soin \u00e0 ce que chaque livraison arrive rapidement et en toute s\u00e9curit\u00e9 au bon endroit.<\/p>\t\t\t\t\t\t\t\t<\/div>\n\t\t\t\t<\/div>\n\t\t\t\t<\/div>\n\t\t<div class=\"elementor-element elementor-element-26973bc e-con-full e-flex e-con e-child\" data-id=\"26973bc\" data-element_type=\"container\" data-e-type=\"container\">\n\t\t<div class=\"elementor-element elementor-element-895f504 e-con-full e-flex e-con e-child\" data-id=\"895f504\" data-element_type=\"container\" data-e-type=\"container\">\n\t\t\t\t<div class=\"elementor-element elementor-element-0265872 elementor-widget elementor-widget-image\" data-id=\"0265872\" data-element_type=\"widget\" data-e-type=\"widget\" data-widget_type=\"image.default\">\n\t\t\t\t\t\t\t\t\t\t\t\t\t\t\t<img loading=\"lazy\" decoding=\"async\" width=\"1\" height=\"1\" src=\"https:\/\/frp-europe.com\/wp-content\/uploads\/2024\/07\/GroteStock-red.svg\" class=\"attachment-large size-large wp-image-993\" alt=\"\" \/>\t\t\t\t\t\t\t\t\t\t\t\t\t\t\t<\/div>\n\t\t\t\t<\/div>\n\t\t<div class=\"elementor-element elementor-element-7ac1469 e-con-full e-flex e-con e-child\" data-id=\"7ac1469\" data-element_type=\"container\" data-e-type=\"container\">\n\t\t\t\t<div class=\"elementor-element elementor-element-5f09833 elementor-widget elementor-widget-text-editor\" data-id=\"5f09833\" data-element_type=\"widget\" data-e-type=\"widget\" data-widget_type=\"text-editor.default\">\n\t\t\t\t\t\t\t\t\t<p><strong>Grand stock<\/strong><br \/>Chez FRP, il y a toujours un stock abondant. Cela signifie que vous ne devez jamais attendre longtemps pour obtenir vos marchandises.<\/p>\t\t\t\t\t\t\t\t<\/div>\n\t\t\t\t<\/div>\n\t\t\t\t<\/div>\n\t\t\t\t<\/div>\n\t\t\t\t<\/div>\n\t\t\t\t<\/div>\n\t\t\t\t\t<\/div>\n\t\t\t\t<\/div>\n\t\t<div class=\"elementor-element elementor-element-8bec3b0 e-flex e-con-boxed e-con e-parent\" data-id=\"8bec3b0\" data-element_type=\"container\" data-e-type=\"container\" data-settings=\"{&quot;background_background&quot;:&quot;classic&quot;}\">\n\t\t\t\t\t<div class=\"e-con-inner\">\n\t\t<div class=\"elementor-element elementor-element-68d567a e-con-full elementor-hidden-tablet elementor-hidden-mobile e-flex e-con e-child\" data-id=\"68d567a\" data-element_type=\"container\" data-e-type=\"container\">\n\t\t\t\t<div class=\"elementor-element elementor-element-164c3c8 elementor-absolute elementor-widget elementor-widget-image\" data-id=\"164c3c8\" data-element_type=\"widget\" data-e-type=\"widget\" data-settings=\"{&quot;_position&quot;:&quot;absolute&quot;}\" data-widget_type=\"image.default\">\n\t\t\t\t\t\t\t\t\t\t\t\t\t\t\t<img loading=\"lazy\" decoding=\"async\" width=\"400\" height=\"600\" src=\"https:\/\/frp-europe.com\/wp-content\/uploads\/2024\/07\/OverOns2.jpg\" class=\"attachment-large size-large wp-image-979\" alt=\"\" srcset=\"https:\/\/frp-europe.com\/wp-content\/uploads\/2024\/07\/OverOns2.jpg 400w, https:\/\/frp-europe.com\/wp-content\/uploads\/2024\/07\/OverOns2-200x300.jpg 200w\" sizes=\"(max-width: 400px) 100vw, 400px\" \/>\t\t\t\t\t\t\t\t\t\t\t\t\t\t\t<\/div>\n\t\t\t\t<div class=\"elementor-element elementor-element-b2bbf1c elementor-widget elementor-widget-image\" data-id=\"b2bbf1c\" data-element_type=\"widget\" data-e-type=\"widget\" data-widget_type=\"image.default\">\n\t\t\t\t\t\t\t\t\t\t\t\t\t\t\t<img loading=\"lazy\" decoding=\"async\" width=\"600\" height=\"400\" src=\"https:\/\/frp-europe.com\/wp-content\/uploads\/2024\/07\/OverOns1.jpg\" class=\"attachment-large size-large wp-image-978\" alt=\"\" srcset=\"https:\/\/frp-europe.com\/wp-content\/uploads\/2024\/07\/OverOns1.jpg 600w, https:\/\/frp-europe.com\/wp-content\/uploads\/2024\/07\/OverOns1-300x200.jpg 300w\" sizes=\"(max-width: 600px) 100vw, 600px\" \/>\t\t\t\t\t\t\t\t\t\t\t\t\t\t\t<\/div>\n\t\t\t\t<\/div>\n\t\t\t\t\t<\/div>\n\t\t\t\t<\/div>\n\t\t<div class=\"elementor-element elementor-element-a392462 e-con-full elementor-hidden-mobile e-flex e-con e-parent\" data-id=\"a392462\" data-element_type=\"container\" data-e-type=\"container\">\n\t\t\t\t<div class=\"elementor-element elementor-element-840bc11 elementor-widget elementor-widget-image\" data-id=\"840bc11\" data-element_type=\"widget\" data-e-type=\"widget\" data-widget_type=\"image.default\">\n\t\t\t\t\t\t\t\t\t\t\t\t\t\t\t<img loading=\"lazy\" decoding=\"async\" width=\"800\" height=\"146\" src=\"https:\/\/frp-europe.com\/wp-content\/uploads\/2024\/07\/OverOnsFooter-1024x187.jpg\" class=\"attachment-large size-large wp-image-980\" alt=\"\" srcset=\"https:\/\/frp-europe.com\/wp-content\/uploads\/2024\/07\/OverOnsFooter-1024x187.jpg 1024w, https:\/\/frp-europe.com\/wp-content\/uploads\/2024\/07\/OverOnsFooter-300x55.jpg 300w, https:\/\/frp-europe.com\/wp-content\/uploads\/2024\/07\/OverOnsFooter-768x140.jpg 768w, https:\/\/frp-europe.com\/wp-content\/uploads\/2024\/07\/OverOnsFooter-1536x280.jpg 1536w, https:\/\/frp-europe.com\/wp-content\/uploads\/2024\/07\/OverOnsFooter.jpg 1920w\" sizes=\"(max-width: 800px) 100vw, 800px\" \/>\t\t\t\t\t\t\t\t\t\t\t\t\t\t\t<\/div>\n\t\t\t\t<\/div>\n\t\t\t\t<\/div>","protected":false},"excerpt":{"rendered":"<p>Over ons Welkom bij FRP Flat Roof Products (FRP) is opgericht met een eerste filiaal in Oudenaarde 2020. Al snel groeiden we en openden we in 2023 ons tweede filiaal in Tessenderlo. We zijn een snelgroeiend bedrijf dat zich steeds inzet voor de behoeften van onze professionele klanten. FRP is ontstaan uit de combinatie van [&hellip;]<\/p>\n","protected":false},"author":3,"featured_media":0,"parent":0,"menu_order":0,"comment_status":"closed","ping_status":"closed","template":"elementor_header_footer","meta":{"_seopress_robots_primary_cat":"","_seopress_titles_title":"","_seopress_titles_desc":"","_seopress_robots_index":"","footnotes":""},"class_list":["post-2783","page","type-page","status-publish","hentry"],"_hostinger_reach_plugin_has_subscription_block":false,"_hostinger_reach_plugin_is_elementor":false,"_links":{"self":[{"href":"https:\/\/frp-europe.com\/fr\/wp-json\/wp\/v2\/pages\/2783","targetHints":{"allow":["GET"]}}],"collection":[{"href":"https:\/\/frp-europe.com\/fr\/wp-json\/wp\/v2\/pages"}],"about":[{"href":"https:\/\/frp-europe.com\/fr\/wp-json\/wp\/v2\/types\/page"}],"author":[{"embeddable":true,"href":"https:\/\/frp-europe.com\/fr\/wp-json\/wp\/v2\/users\/3"}],"replies":[{"embeddable":true,"href":"https:\/\/frp-europe.com\/fr\/wp-json\/wp\/v2\/comments?post=2783"}],"version-history":[{"count":59,"href":"https:\/\/frp-europe.com\/fr\/wp-json\/wp\/v2\/pages\/2783\/revisions"}],"predecessor-version":[{"id":3464,"href":"https:\/\/frp-europe.com\/fr\/wp-json\/wp\/v2\/pages\/2783\/revisions\/3464"}],"wp:attachment":[{"href":"https:\/\/frp-europe.com\/fr\/wp-json\/wp\/v2\/media?parent=2783"}],"curies":[{"name":"wp","href":"https:\/\/api.w.org\/{rel}","templated":true}]}}